{"id":100750,"date":"2021-09-07T11:28:54","date_gmt":"2021-09-07T11:28:54","guid":{"rendered":"https:\/\/donath-muenchen.de\/agbs\/"},"modified":"2022-09-28T11:43:59","modified_gmt":"2022-09-28T11:43:59","slug":"agbs","status":"publish","type":"page","link":"https:\/\/donath-muenchen.de\/en\/agbs\/","title":{"rendered":"AGBs"},"content":{"rendered":"<p><strong>AGB Umzug 2021<\/strong><br \/>\n<strong>&#8211; Allgemeine Gesch\u00e4ftsbedingungen f\u00fcr Umz\u00fcge und Lagerungen<\/strong><\/p>\n<p>1. Leistungen<br \/>\n(1) Der M\u00f6belspediteur erbringt seine Verpflichtung mit der gr\u00f6\u00dften Sorgfalt und unter Wahrung des Interesses des Absenders gegen Zahlung des vereinbarten Entgelts.<br \/>\n(2) Entstehen im Rahmen der vertraglichen Leistung unvorhersehbare Aufwendungen, sind diese, sofern sie der M\u00f6belspediteur den Umst\u00e4nden nach f\u00fcr erforderlich halten durfte, durch den Absender zuz\u00fcglich einer angemessenen Verg\u00fctung zu ersetzen.<\/p>\n<p>(3) Erweitert der Absender nach Vertragsschluss den Leistungsumfang, sind die hierdurch entstandenen Mehrkosten einschlie\u00dflich einer angemessenen Verg\u00fctung zu ersetzen.<br \/>\n(4) Das Personal des M\u00f6belspediteurs ist, sofern nichts anderes vereinbart ist, nicht zur Vornahme von D\u00fcbel-, Elektro-, Sanit\u00e4r- und sonstigen Installationsarbeiten verpflichtet.<br \/>\n(5) Bei Leistungen zus\u00e4tzlich vermittelter Handwerker haftet der M\u00f6belspediteur nur f\u00fcr sorgf\u00e4ltige Auswahl.<br \/>\n(6) Bei Vertr\u00e4gen mit anderen als Verbrauchern gelten erg\u00e4nzend die Logistik-AGB 2019. Diese sind auf www.amoe.de\/logistikagb abrufbar. Soweit sich einzelne Klauseln widersprechen, gehen die AGB Umzug 2021 den Logistik-AGB 2019 vor.<\/p>\n<p>2. Beiladungstransport<br \/>\nDer Umzug darf auch als Beiladungstransport durchgef\u00fchrt werden.<\/p>\n<p>3. Beauftragung Dritter<br \/>\nDer M\u00f6belspediteur kann, soweit nichts anderes vereinbart ist, einen weiteren ausf\u00fchrenden M\u00f6belspediteur mit der Durchf\u00fchrung des Umzugs beauftragen.<br \/>\n4. Hinweispflichten des Absenders<br \/>\n(1) Soweit der Absender keine Verpackung und Kennzeichnung durch den M\u00f6belspediteur w\u00fcnscht, weist der M\u00f6belspediteur den Absender auf den Haftungsausschluss gem. \u00a7 451 d Abs. 1 Ziff. 2 HGB hin. Zur \u00dcberpr\u00fcfung des vom Absender verpackten Gutes ist der M\u00f6belspediteur weder berechtigt noch verpflichtet, au\u00dfer in F\u00e4llen der offensichtlichen Ungeeignetheit der Verpackung.<\/p>\n<p>(2) Bei Verpackung durch den M\u00f6belspediteur haftet dieser dann nicht f\u00fcr Transportsch\u00e4den, wenn St\u00f6rungen an der Funktion des Umzugsgutes aufgrund der nat\u00fcrlichen oder mangelhaften Beschaffenheit des Umzugsgutes nicht auszuschlie\u00dfen sind, es sei denn, der Absender hat diesbez\u00fcglich dem M\u00f6belspediteur besondere Weisungen erteilt.<\/p>\n<p>(3) Z\u00e4hlt zu dem Umzugsgut gef\u00e4hrliches Gut, ist der Absender verpflichtet, dem M\u00f6belspediteur rechtzeitig anzugeben, welcher Natur die Gefahr ist, die von dem Gut ausgeht. Gef\u00e4hrliches Gut im Rahmen des Umzugs sind feuer- oder explosionsgef\u00e4hrliche, strahlende, zur Selbstentz\u00fcndung neigende, giftige, \u00e4tzende, \u00fcbelriechende oder \u00e4hnliche G\u00fcter. Dazu z\u00e4hlen insbesondere Akkus, Batterien, Brenn- und Heizmittel, Chemikalien, Gase, L\u00f6sungsmittel, Munition, etc.<br \/>\n(4) F\u00fcr Umzugsgut, das aufgrund seiner Gr\u00f6\u00dfe oder seines Gewichtes und der Bedingungen am Zielort nicht ohne die Gefahr von Besch\u00e4digungen entladen werden kann, hat der M\u00f6belspediteur vom Absender Weisungen einzuholen. Bei Bef\u00f6rderungs- oder Ablieferungshindernissen gilt \u00a7 419 HGB.<\/p>\n<p>5. Aufrechnung<br \/>\nGegen Anspr\u00fcche des M\u00f6belspediteurs ist eine Aufrechnung nur mit f\u00e4lligen Gegenanspr\u00fcchen zul\u00e4ssig, die rechtskr\u00e4ftig festgestellt, entscheidungsreif oder unbestritten sind.<\/p>\n<p>6. Weisungen und Mitteilungen<br \/>\nWeisungen und Mitteilungen des Absenders bez\u00fcglich der Durchf\u00fchrung der Bef\u00f6rderung sind in Textform ausschlie\u00dflich an den beauftragten M\u00f6belspediteur gem\u00e4\u00df Ziffer 1. Abs. 1 zu richten.<\/p>\n<p>7. Bestimmung des Umzugsgutes<br \/>\nDie Bestimmung des Umzugsgutes obliegt dem Absender. Dieser hat sicherzustellen, dass keine Gegenst\u00e4nde vertragswidrig mitgenommen werden, die nicht Umzugsgut des Absenders sind, bzw. dass keine Gegenst\u00e4nde stehengelassen werden.<\/p>\n<p>8. F\u00e4lligkeit des vereinbarten Entgelts<br \/>\n(1) Das vereinbarte Entgelt einschlie\u00dflich der Anspr\u00fcche des M\u00f6belspediteurs gem. Ziffern 1. Abs. 2 und Abs. 3 dieser Bedingungen ist, sofern vertraglich nicht anderes vereinbart wurde, bei Ablieferung, bei Auslandstransporten vor Beginn der Verladung, f\u00e4llig.<br \/>\n(2) Auslagen in ausl\u00e4ndischer W\u00e4hrung werden nach dem am Zahlungstag festgestellten Wechselkurs abgerechnet.<br \/>\n(3) Kommt der Absender seiner Zahlungsverpflichtung nicht nach, ist der M\u00f6belspediteur berechtigt, das Umzugsgut anzuhalten oder nach Beginn der Bef\u00f6rderung auf Kosten des Absenders, bis zur Zahlung des Entgelts und der bis zu diesem Zeitpunkt entstandenen Aufwendungen einzulagern. Kommt der Absender seiner Zahlungsverpflichtung auch dann nicht nach, ist der M\u00f6belspediteur berechtigt, eine Pfandverwertung nach den gesetzlichen Vorschriften durchzuf\u00fchren.<br \/>\n(4) Die Pfandverwertung erfolgt nach den gesetzlichen Bestimmungen mit der Ma\u00dfgabe, dass bei Aus\u00fcbung des gesetzlichen Pfandrechts des M\u00f6belspediteurs die Androhung des Pfandverkaufs und die erforderlichen Benachrichtigungen an den Absender zu richten sind.<br \/>\n(5) \u00a7 419 HGB findet entsprechende Anwendung.<\/p>\n<p>9. Lagerung<\/p>\n<p>F\u00fcr Lagerungen gelten erg\u00e4nzend folgende Bestimmungen:<br \/>\n(1) Bei Lagerungen ist der Einlagerer dar\u00fcber hinaus dazu verpflichtet, den M\u00f6belspediteur darauf hinzuweisen, wenn feuer- oder explosionsgef\u00e4hrliche, strahlende, zur Selbstentz\u00fcndung neigende, giftige, \u00e4tzende, \u00fcbelriechende oder \u00fcberhaupt solche G\u00fcter, welche Nachteile f\u00fcr das Lager und\/oder f\u00fcr andere Lagerg\u00fcter und\/ oder f\u00fcr Personen bef\u00fcrchten lassen, Gegenstand des Vertrages werden sollen.<br \/>\n(2) Der Lagerhalter erbringt grunds\u00e4tzlich folgende Leistungen:<br \/>\n(a) Die Lagerung erfolgt in geeigneten betriebseigenen oder -fremden Lagerr\u00e4umen; den Lagerr\u00e4umen stehen zur Einlagerung geeignete M\u00f6belwagen bzw. Container gleich. Lagert der M\u00f6belspediteur bei einem fremden Lagerhalter ein, so hat er dessen Namen und den Lagerort dem Einlagerer unverz\u00fcglich schriftlich bekanntzugeben oder, sofern ein Lagerschein ausgestellt ist, auf diesem zu vermerken.<br \/>\n(b) Bei Einlagerung wird ein Verzeichnis der eingelagerten G\u00fcter erstellt und vom Einlagerer und Lagerhalter unterzeichnet. Die G\u00fcter sollen fortlaufend nummeriert werden. Beh\u00e4ltnisse werden dabei st\u00fcckzahlm\u00e4\u00dfig erfasst. Der Lagerhalter kann auf die Erstellung des Lagerverzeichnisses verzichten, wenn die eingelagerten G\u00fcter unmittelbar an der Verladestelle in einen Container verbracht werden, dieser dort verschlossen und verschlossen gelagert wird.<br \/>\n(c) Dem Einlagerer wird nach der \u00dcbernahme eine Ausfertigung des Lagervertrages und des Lagerverzeichnisses ausgeh\u00e4ndigt oder zugesandt. Bei Teilauslagerungen erfolgen auf dem Lagerschein, dem Lagerverzeichnis oder dem Abschreibungsvermerk entsprechende Abschreibungen.<br \/>\n(3) Der Lagerhalter ist berechtigt, das Lagergut gegen Vorlage des Lagervertrages mit Lagerverzeichnis oder einem entsprechenden Abschreibungsvermerk auszuh\u00e4ndigen, es sei denn, dem Lagerhalter ist bekannt oder infolge grober Fahrl\u00e4ssigkeit unbekannt, dass der Vorlegende zur Entgegennahme des Lagergutes nicht befugt ist. Der Lagerhalter ist befugt, aber nicht verpflichtet, die Legitimation desjenigen zu pr\u00fcfen, der das Lagerverzeichnis und den Lagervertrag vorlegt.<br \/>\n(4) Der Einlagerer ist verpflichtet, bei vollst\u00e4ndiger Auslieferung des Lagergutes ein schriftliches Empfangsbekenntnis zu erteilen. Bei teilweiser Auslieferung des Lagergutes werden Lagerhalter und Einlagerer entsprechende Abschreibungen auf dem Lagerschein, dem Lagerverzeichnis oder dem Abschreibungsvermerk vornehmen.<br \/>\n(5) W\u00e4hrend der Dauer der Einlagerung ist der Einlagerer berechtigt, w\u00e4hrend der Gesch\u00e4ftsstunden des Lagerhalters in seiner Begleitung das Lagergut in Augenschein zu nehmen. Der Termin ist vorher zu vereinbaren. Der Lagervertrag und das Lagerverzeichnis sind bei dem Termin vorzulegen.<br \/>\n(6) Der Einlagerer ist verpflichtet, etwaige Anschriften\u00e4nderungen dem Lagerhalter unverz\u00fcglich in Textform mitzuteilen. Er kann sich nicht auf den fehlenden Zugang von Mitteilungen berufen, die der Lagerhalter an die letzte bekannte Anschrift gesandt hat.<br \/>\n(7) Der Einlagerer ist verpflichtet, das monatliche Lagergeld im Voraus bis sp\u00e4testens zum 3. Werktag eines jeden Monats an den Lagerhalter zu zahlen. Das Lagergeld f\u00fcr die Folgemonate ist auch ohne besondere Rechnungserteilung zum jeweiligen Monatsbeginn f\u00e4llig.<\/p>\n<p>(8) Der Lagerhalter ist nicht verpflichtet, die Echtheit der Unterschriften auf den das Lagergut betreffenden Schriftst\u00fccken oder die Befugnis des Unterzeichners zu pr\u00fcfen, es sei denn, dem Lagerhalter ist bekannt oder infolge Fahrl\u00e4ssigkeit unbekannt, dass die Unterschriften unecht sind oder die Befugnis des Unterzeichners nicht vorliegt.<br \/>\n(9) Ist eine feste Laufzeit des Vertrages nicht vereinbart, so k\u00f6nnen die Parteien den Vertrag unter Einhaltung einer K\u00fcndigungsfrist von einem Monat in Textform k\u00fcndigen, es sei denn, es liegt ein wichtiger Grund vor, der zur K\u00fcndigung des Vertrages ohne Einhaltung der K\u00fcndigungsfrist berechtigt.<br \/>\n(10) Bei Vertr\u00e4gen mit anderen als Verbrauchern gelten die ALB (Allgemeine Lagerbedingungen des Deutschen M\u00f6beltransports) als vereinbart. Diese sind auf www.amoe.de\/ALB abrufbar.<\/p>\n<p>10. R\u00fccktritt und K\u00fcndigung<br \/>\n(1) Beim Umzug handelt es sich um eine Dienstleistung im Sinne von<br \/>\n\u00a7 312 g Absatz 2 Satz 1 Nummer 9 BGB. Es besteht kein gesetzliches Widerrufsrecht nach \u00a7 355 BGB.<br \/>\n(2) Der Absender kann den Umzugsvertrag jederzeit k\u00fcndigen.<br \/>\n(3) K\u00fcndigt der Absender, so kann der M\u00f6belspediteur entweder<br \/>\n(a) das vereinbarte Entgelt, das etwaige Standgeld sowie zu ersetzende Aufwendungen unter Anrechnung dessen, was er infolge der Aufhebung des Vertrages an Aufwendungen erspart oder anderweitig erwirbt oder zu erwerben b\u00f6swillig unterl\u00e4sst;<br \/>\n(b) oder pauschal ein Drittel des vereinbarten Entgelts<br \/>\nverlangen. Beruht die K\u00fcndigung auf Gr\u00fcnden, die dem Risikobereich des M\u00f6belspediteurs zuzurechnen sind, so entf\u00e4llt der Anspruch auf Fautfracht nach Ziffer 3. b.; in diesem Falle entf\u00e4llt auch der Anspruch nach Ziffer 3. a. soweit die Bef\u00f6rderung f\u00fcr den Absender nicht von Interesse ist.<\/p>\n<p>11. Gerichtsstand<br \/>\n(1) F\u00fcr Rechtsstreitigkeiten mit Vollkaufleuten auf Grund dieses Vertrages und \u00fcber Anspr\u00fcche aus anderen Rechtsgr\u00fcnden, die mit dem Umzugs- oder Lagervertrag zusammenh\u00e4ngen, ist das Gericht, in dessen Bezirk sich die vom Absender beauftragte Niederlassung des M\u00f6belspediteurs befindet, ausschlie\u00dflich zust\u00e4ndig.<br \/>\n(2) F\u00fcr Rechtsstreitigkeiten aus diesem Vertrag mit anderen als Vollkaufleuten gilt \u00a7 30 ZPO.<\/p>\n<p>12. Rechtswahl<br \/>\nEs gilt deutsches Recht.<\/p>\n<p>13. Datenschutz<br \/>\nBez\u00fcglich der Verarbeitung von personenbezogenen Daten gilt die Datenschutzerkl\u00e4rung des M\u00f6belspediteurs.<\/p>\n<p>14. Schlichtungsstelle Umzug<\/p>\n<p>Der beauftragte M\u00f6belspediteur im Sinne von Ziff. 1 Abs. 1 ist verpflichtet und bereit, an Streitbeilegungsverfahren vor einer Verbraucherschlichtungsstelle teilzunehmen. Zust\u00e4ndig ist die<br \/>\n\u201eSchlichtungsstelle Umzug\u201c beim Bundesverband M\u00f6belspedition und Logistik (AM\u00d6) e.V.<br \/>\nSchulstra\u00dfe 53, 65795 Hattersheim www.schlichtungsstelle-umzug.de<\/p>\n","protected":false},"excerpt":{"rendered":"<p>AGB Umzug 2021 &#8211; Allgemeine Gesch\u00e4ftsbedingungen f\u00fcr Umz\u00fcge und Lagerungen 1. Leistungen (1) Der M\u00f6belspediteur erbringt seine Verpflichtung mit der gr\u00f6\u00dften Sorgfalt und unter Wahrung des<span class=\"excerpt-hellip\"> [\u2026]<\/span><\/p>\n","protected":false},"author":1,"featured_media":0,"parent":0,"menu_order":0,"comment_status":"closed","ping_status":"closed","template":"","meta":{"footnotes":""},"class_list":["post-100750","page","type-page","status-publish","hentry"],"yoast_head":"<!-- This site is optimized with the Yoast SEO plugin v27.3 - https:\/\/yoast.com\/product\/yoast-seo-wordpress\/ -->\n<title>Unsere Allgemeine Gesch\u00e4ftsbedingungen (AGBs) - Donath - Umzug &amp; Lagerung<\/title>\n<meta name=\"description\" content=\"Unsere AGBs\" \/>\n<meta name=\"robots\" content=\"index, follow, max-snippet:-1, max-image-preview:large, max-video-preview:-1\" \/>\n<link rel=\"canonical\" href=\"https:\/\/donath-muenchen.de\/en\/agbs\/\" \/>\n<meta property=\"og:locale\" content=\"en_US\" \/>\n<meta property=\"og:type\" content=\"article\" \/>\n<meta property=\"og:title\" content=\"Unsere Allgemeine Gesch\u00e4ftsbedingungen (AGBs) - Donath - Umzug &amp; Lagerung\" \/>\n<meta property=\"og:description\" content=\"Unsere AGBs\" \/>\n<meta property=\"og:url\" content=\"https:\/\/donath-muenchen.de\/en\/agbs\/\" \/>\n<meta property=\"og:site_name\" content=\"Donath - Umzug &amp; Lagerung\" \/>\n<meta property=\"article:modified_time\" content=\"2022-09-28T11:43:59+00:00\" \/>\n<meta name=\"twitter:card\" content=\"summary_large_image\" \/>\n<meta name=\"twitter:label1\" content=\"Est. reading time\" \/>\n\t<meta name=\"twitter:data1\" content=\"8 minutes\" \/>\n<script type=\"application\/ld+json\" class=\"yoast-schema-graph\">{\"@context\":\"https:\\\/\\\/schema.org\",\"@graph\":[{\"@type\":\"WebPage\",\"@id\":\"https:\\\/\\\/donath-muenchen.de\\\/en\\\/agbs\\\/\",\"url\":\"https:\\\/\\\/donath-muenchen.de\\\/en\\\/agbs\\\/\",\"name\":\"Unsere Allgemeine Gesch\u00e4ftsbedingungen (AGBs) - Donath - Umzug &amp; Lagerung\",\"isPartOf\":{\"@id\":\"https:\\\/\\\/donath-muenchen.de\\\/en\\\/#website\"},\"datePublished\":\"2021-09-07T11:28:54+00:00\",\"dateModified\":\"2022-09-28T11:43:59+00:00\",\"description\":\"Unsere AGBs\",\"breadcrumb\":{\"@id\":\"https:\\\/\\\/donath-muenchen.de\\\/en\\\/agbs\\\/#breadcrumb\"},\"inLanguage\":\"en-US\",\"potentialAction\":[{\"@type\":\"ReadAction\",\"target\":[\"https:\\\/\\\/donath-muenchen.de\\\/en\\\/agbs\\\/\"]}]},{\"@type\":\"BreadcrumbList\",\"@id\":\"https:\\\/\\\/donath-muenchen.de\\\/en\\\/agbs\\\/#breadcrumb\",\"itemListElement\":[{\"@type\":\"ListItem\",\"position\":1,\"name\":\"Home\",\"item\":\"https:\\\/\\\/donath-muenchen.de\\\/en\\\/\"},{\"@type\":\"ListItem\",\"position\":2,\"name\":\"AGBs\"}]},{\"@type\":\"WebSite\",\"@id\":\"https:\\\/\\\/donath-muenchen.de\\\/en\\\/#website\",\"url\":\"https:\\\/\\\/donath-muenchen.de\\\/en\\\/\",\"name\":\"Donath - Umzug &amp; Lagerung\",\"description\":\"Ihr Umzugsunternehmen in M\u00fcnchen\",\"publisher\":{\"@id\":\"https:\\\/\\\/donath-muenchen.de\\\/en\\\/#organization\"},\"potentialAction\":[{\"@type\":\"SearchAction\",\"target\":{\"@type\":\"EntryPoint\",\"urlTemplate\":\"https:\\\/\\\/donath-muenchen.de\\\/en\\\/?s={search_term_string}\"},\"query-input\":{\"@type\":\"PropertyValueSpecification\",\"valueRequired\":true,\"valueName\":\"search_term_string\"}}],\"inLanguage\":\"en-US\"},{\"@type\":\"Organization\",\"@id\":\"https:\\\/\\\/donath-muenchen.de\\\/en\\\/#organization\",\"name\":\"Donath Umz\u00fcge & Lagerung\",\"url\":\"https:\\\/\\\/donath-muenchen.de\\\/en\\\/\",\"logo\":{\"@type\":\"ImageObject\",\"inLanguage\":\"en-US\",\"@id\":\"https:\\\/\\\/donath-muenchen.de\\\/en\\\/#\\\/schema\\\/logo\\\/image\\\/\",\"url\":\"https:\\\/\\\/donath-muenchen.de\\\/wp-content\\\/uploads\\\/2020\\\/08\\\/Donath-Umzug-Lagerung-1.png\",\"contentUrl\":\"https:\\\/\\\/donath-muenchen.de\\\/wp-content\\\/uploads\\\/2020\\\/08\\\/Donath-Umzug-Lagerung-1.png\",\"width\":500,\"height\":154,\"caption\":\"Donath Umz\u00fcge & Lagerung\"},\"image\":{\"@id\":\"https:\\\/\\\/donath-muenchen.de\\\/en\\\/#\\\/schema\\\/logo\\\/image\\\/\"}}]}<\/script>\n<!-- \/ Yoast SEO plugin. -->","yoast_head_json":{"title":"Unsere Allgemeine Gesch\u00e4ftsbedingungen (AGBs) - Donath - Umzug &amp; Lagerung","description":"Unsere AGBs","robots":{"index":"index","follow":"follow","max-snippet":"max-snippet:-1","max-image-preview":"max-image-preview:large","max-video-preview":"max-video-preview:-1"},"canonical":"https:\/\/donath-muenchen.de\/en\/agbs\/","og_locale":"en_US","og_type":"article","og_title":"Unsere Allgemeine Gesch\u00e4ftsbedingungen (AGBs) - Donath - Umzug &amp; Lagerung","og_description":"Unsere AGBs","og_url":"https:\/\/donath-muenchen.de\/en\/agbs\/","og_site_name":"Donath - Umzug &amp; Lagerung","article_modified_time":"2022-09-28T11:43:59+00:00","twitter_card":"summary_large_image","twitter_misc":{"Est. reading time":"8 minutes"},"schema":{"@context":"https:\/\/schema.org","@graph":[{"@type":"WebPage","@id":"https:\/\/donath-muenchen.de\/en\/agbs\/","url":"https:\/\/donath-muenchen.de\/en\/agbs\/","name":"Unsere Allgemeine Gesch\u00e4ftsbedingungen (AGBs) - Donath - Umzug &amp; Lagerung","isPartOf":{"@id":"https:\/\/donath-muenchen.de\/en\/#website"},"datePublished":"2021-09-07T11:28:54+00:00","dateModified":"2022-09-28T11:43:59+00:00","description":"Unsere AGBs","breadcrumb":{"@id":"https:\/\/donath-muenchen.de\/en\/agbs\/#breadcrumb"},"inLanguage":"en-US","potentialAction":[{"@type":"ReadAction","target":["https:\/\/donath-muenchen.de\/en\/agbs\/"]}]},{"@type":"BreadcrumbList","@id":"https:\/\/donath-muenchen.de\/en\/agbs\/#breadcrumb","itemListElement":[{"@type":"ListItem","position":1,"name":"Home","item":"https:\/\/donath-muenchen.de\/en\/"},{"@type":"ListItem","position":2,"name":"AGBs"}]},{"@type":"WebSite","@id":"https:\/\/donath-muenchen.de\/en\/#website","url":"https:\/\/donath-muenchen.de\/en\/","name":"Donath - Umzug &amp; Lagerung","description":"Ihr Umzugsunternehmen in M\u00fcnchen","publisher":{"@id":"https:\/\/donath-muenchen.de\/en\/#organization"},"potentialAction":[{"@type":"SearchAction","target":{"@type":"EntryPoint","urlTemplate":"https:\/\/donath-muenchen.de\/en\/?s={search_term_string}"},"query-input":{"@type":"PropertyValueSpecification","valueRequired":true,"valueName":"search_term_string"}}],"inLanguage":"en-US"},{"@type":"Organization","@id":"https:\/\/donath-muenchen.de\/en\/#organization","name":"Donath Umz\u00fcge & Lagerung","url":"https:\/\/donath-muenchen.de\/en\/","logo":{"@type":"ImageObject","inLanguage":"en-US","@id":"https:\/\/donath-muenchen.de\/en\/#\/schema\/logo\/image\/","url":"https:\/\/donath-muenchen.de\/wp-content\/uploads\/2020\/08\/Donath-Umzug-Lagerung-1.png","contentUrl":"https:\/\/donath-muenchen.de\/wp-content\/uploads\/2020\/08\/Donath-Umzug-Lagerung-1.png","width":500,"height":154,"caption":"Donath Umz\u00fcge & Lagerung"},"image":{"@id":"https:\/\/donath-muenchen.de\/en\/#\/schema\/logo\/image\/"}}]}},"_links":{"self":[{"href":"https:\/\/donath-muenchen.de\/en\/wp-json\/wp\/v2\/pages\/100750","targetHints":{"allow":["GET"]}}],"collection":[{"href":"https:\/\/donath-muenchen.de\/en\/wp-json\/wp\/v2\/pages"}],"about":[{"href":"https:\/\/donath-muenchen.de\/en\/wp-json\/wp\/v2\/types\/page"}],"author":[{"embeddable":true,"href":"https:\/\/donath-muenchen.de\/en\/wp-json\/wp\/v2\/users\/1"}],"replies":[{"embeddable":true,"href":"https:\/\/donath-muenchen.de\/en\/wp-json\/wp\/v2\/comments?post=100750"}],"version-history":[{"count":7,"href":"https:\/\/donath-muenchen.de\/en\/wp-json\/wp\/v2\/pages\/100750\/revisions"}],"predecessor-version":[{"id":100973,"href":"https:\/\/donath-muenchen.de\/en\/wp-json\/wp\/v2\/pages\/100750\/revisions\/100973"}],"wp:attachment":[{"href":"https:\/\/donath-muenchen.de\/en\/wp-json\/wp\/v2\/media?parent=100750"}],"curies":[{"name":"wp","href":"https:\/\/api.w.org\/{rel}","templated":true}]}}